{"id":1701,"date":"2020-03-19T12:45:10","date_gmt":"2020-03-19T17:45:10","guid":{"rendered":"https:\/\/barryrussell.ca\/contact\/"},"modified":"2026-01-27T11:01:08","modified_gmt":"2026-01-27T16:01:08","slug":"contact","status":"publish","type":"page","link":"https:\/\/barryrussell.ca\/fr\/contact\/","title":{"rendered":"Contact"},"content":{"rendered":"\t\t<div data-elementor-type=\"wp-page\" data-elementor-id=\"1701\" class=\"elementor elementor-1701 elementor-160\">\n\t\t\t\t\t\t<div class=\"elementor-inner\">\n\t\t\t\t<div class=\"elementor-section-wrap\">\n\t\t\t\t\t\t\t\t\t<section class=\"elementor-section elementor-top-section elementor-element elementor-element-0de06e2 elementor-section-boxed elementor-section-height-default elementor-section-height-default\" data-id=\"0de06e2\" data-element_type=\"section\">\n\t\t\t\t\t\t<div class=\"elementor-container elementor-column-gap-default\">\n\t\t\t\t\t\t\t<div class=\"elementor-row\">\n\t\t\t\t\t<div class=\"elementor-column elementor-col-100 elementor-top-column elementor-element elementor-element-f407501\" data-id=\"f407501\" data-element_type=\"column\">\n\t\t\t<div class=\"elementor-column-wrap elementor-element-populated\">\n\t\t\t\t\t\t\t<div class=\"elementor-widget-wrap\">\n\t\t\t\t\t\t<div class=\"elementor-element elementor-element-560aa4a elementor-widget elementor-widget-heading\" data-id=\"560aa4a\" data-element_type=\"widget\" data-widget_type=\"heading.default\">\n\t\t\t\t<div class=\"elementor-widget-container\">\n\t\t\t<h1 class=\"elementor-heading-title elementor-size-default\">Contact<\/h1>\t\t<\/div>\n\t\t\t\t<\/div>\n\t\t\t\t\t\t<\/div>\n\t\t\t\t\t<\/div>\n\t\t<\/div>\n\t\t\t\t\t\t\t\t<\/div>\n\t\t\t\t\t<\/div>\n\t\t<\/section>\n\t\t\t\t<section class=\"elementor-section elementor-top-section elementor-element elementor-element-9bf0287 elementor-section-boxed elementor-section-height-default elementor-section-height-default\" data-id=\"9bf0287\" data-element_type=\"section\">\n\t\t\t\t\t\t<div class=\"elementor-container elementor-column-gap-default\">\n\t\t\t\t\t\t\t<div class=\"elementor-row\">\n\t\t\t\t\t<div class=\"elementor-column elementor-col-100 elementor-top-column elementor-element elementor-element-7075605\" data-id=\"7075605\" data-element_type=\"column\">\n\t\t\t<div class=\"elementor-column-wrap elementor-element-populated\">\n\t\t\t\t\t\t\t<div class=\"elementor-widget-wrap\">\n\t\t\t\t\t\t<div class=\"elementor-element elementor-element-068ebce elementor-widget elementor-widget-heading\" data-id=\"068ebce\" data-element_type=\"widget\" data-widget_type=\"heading.default\">\n\t\t\t\t<div class=\"elementor-widget-container\">\n\t\t\t<h2 class=\"elementor-heading-title elementor-size-default\">Repr\u00e9sent\u00e9 par<\/h2>\t\t<\/div>\n\t\t\t\t<\/div>\n\t\t\t\t<div class=\"elementor-element elementor-element-fc9b31c elementor-widget elementor-widget-text-editor\" data-id=\"fc9b31c\" data-element_type=\"widget\" data-widget_type=\"text-editor.default\">\n\t\t\t\t<div class=\"elementor-widget-container\">\n\t\t\t\t\t\t\t\t<div class=\"elementor-text-editor elementor-clearfix\">\n\t\t\t\t<p style=\"text-align: center;\"><span style=\"font-weight: 400;\"><a href=\"https:\/\/www.agencerbl.com\/talents\/barry-russell\/\" target=\"_blank\" rel=\"noopener\"><strong>Agence RBL<\/strong><\/a><br \/><\/span><span style=\"font-weight: 400;\">Martin B\u00e9liveau<br \/><\/span><span style=\"font-weight: 400;\">514 564-5644 poste 100<br \/><a href=\"mailto:martin@agencerbl.com\" target=\"_blank\" rel=\"noopener\">martin@agencerbl.com<\/a>\u00a0<\/span><\/p>\t\t\t\t\t<\/div>\n\t\t\t\t\t\t<\/div>\n\t\t\t\t<\/div>\n\t\t\t\t<div class=\"elementor-element elementor-element-bccbb8e elementor-widget elementor-widget-heading\" data-id=\"bccbb8e\" data-element_type=\"widget\" data-widget_type=\"heading.default\">\n\t\t\t\t<div class=\"elementor-widget-container\">\n\t\t\t<h2 class=\"elementor-heading-title elementor-size-default\">Barry Russell<\/h2>\t\t<\/div>\n\t\t\t\t<\/div>\n\t\t\t\t<div class=\"elementor-element elementor-element-671bd2a elementor-widget elementor-widget-text-editor\" data-id=\"671bd2a\" data-element_type=\"widget\" data-widget_type=\"text-editor.default\">\n\t\t\t\t<div class=\"elementor-widget-container\">\n\t\t\t\t\t\t\t\t<div class=\"elementor-text-editor elementor-clearfix\">\n\t\t\t\t<p style=\"text-align: center;\"><a href=\"mailto:barryrussell@videotron.ca\">barryrussell@videotron.ca<\/a><\/p>\t\t\t\t\t<\/div>\n\t\t\t\t\t\t<\/div>\n\t\t\t\t<\/div>\n\t\t\t\t<div class=\"elementor-element elementor-element-94c60fa elementor-widget elementor-widget-text-editor\" data-id=\"94c60fa\" data-element_type=\"widget\" data-widget_type=\"text-editor.default\">\n\t\t\t\t<div class=\"elementor-widget-container\">\n\t\t\t\t\t\t\t\t<div class=\"elementor-text-editor elementor-clearfix\">\n\t\t\t\t\t\t\t\t\t<\/div>\n\t\t\t\t\t\t<\/div>\n\t\t\t\t<\/div>\n\t\t\t\t\t\t<\/div>\n\t\t\t\t\t<\/div>\n\t\t<\/div>\n\t\t\t\t\t\t\t\t<\/div>\n\t\t\t\t\t<\/div>\n\t\t<\/section>\n\t\t\t\t\t\t\t\t\t<\/div>\n\t\t\t<\/div>\n\t\t\t\t\t<\/div>\n\t\t","protected":false},"excerpt":{"rendered":"<p>Contact Repr\u00e9sent\u00e9 par Agence RBLMartin B\u00e9liveau514 564-5644 poste 100martin@agencerbl.com\u00a0 Barry Russell barryrussell@videotron.ca<\/p>\n","protected":false},"author":1,"featured_media":0,"parent":0,"menu_order":0,"comment_status":"closed","ping_status":"closed","template":"","meta":[],"yoast_head":"<!-- This site is optimized with the Yoast SEO plugin v20.4 - https:\/\/yoast.com\/wordpress\/plugins\/seo\/ -->\n<title>Contact - Barry Russell<\/title>\n<meta name=\"robots\" content=\"index, follow, max-snippet:-1, max-image-preview:large, max-video-preview:-1\" \/>\n<link rel=\"canonical\" href=\"https:\/\/barryrussell.ca\/fr\/contact\/\" \/>\n<meta property=\"og:locale\" content=\"fr_FR\" \/>\n<meta property=\"og:type\" content=\"article\" \/>\n<meta property=\"og:title\" content=\"Contact - Barry Russell\" \/>\n<meta property=\"og:description\" content=\"Contact Repr\u00e9sent\u00e9 par Agence RBLMartin B\u00e9liveau514 564-5644 poste 100martin@agencerbl.com\u00a0 Barry Russell barryrussell@videotron.ca\" \/>\n<meta property=\"og:url\" content=\"https:\/\/barryrussell.ca\/fr\/contact\/\" \/>\n<meta property=\"og:site_name\" content=\"Barry Russell\" \/>\n<meta property=\"article:modified_time\" content=\"2026-01-27T16:01:08+00:00\" \/>\n<meta name=\"twitter:card\" content=\"summary_large_image\" \/>\n<meta name=\"twitter:label1\" content=\"Dur\u00e9e de lecture estim\u00e9e\" \/>\n\t<meta name=\"twitter:data1\" content=\"1 minute\" \/>\n<script type=\"application\/ld+json\" class=\"yoast-schema-graph\">{\"@context\":\"https:\/\/schema.org\",\"@graph\":[{\"@type\":\"WebPage\",\"@id\":\"https:\/\/barryrussell.ca\/fr\/contact\/\",\"url\":\"https:\/\/barryrussell.ca\/fr\/contact\/\",\"name\":\"Contact - Barry Russell\",\"isPartOf\":{\"@id\":\"https:\/\/barryrussell.ca\/#website\"},\"datePublished\":\"2020-03-19T17:45:10+00:00\",\"dateModified\":\"2026-01-27T16:01:08+00:00\",\"breadcrumb\":{\"@id\":\"https:\/\/barryrussell.ca\/fr\/contact\/#breadcrumb\"},\"inLanguage\":\"fr-FR\",\"potentialAction\":[{\"@type\":\"ReadAction\",\"target\":[\"https:\/\/barryrussell.ca\/fr\/contact\/\"]}]},{\"@type\":\"BreadcrumbList\",\"@id\":\"https:\/\/barryrussell.ca\/fr\/contact\/#breadcrumb\",\"itemListElement\":[{\"@type\":\"ListItem\",\"position\":1,\"name\":\"Home\",\"item\":\"https:\/\/barryrussell.ca\/fr\/\"},{\"@type\":\"ListItem\",\"position\":2,\"name\":\"Contact\"}]},{\"@type\":\"WebSite\",\"@id\":\"https:\/\/barryrussell.ca\/#website\",\"url\":\"https:\/\/barryrussell.ca\/\",\"name\":\"Barry Russell\",\"description\":\"Direction Photo\",\"potentialAction\":[{\"@type\":\"SearchAction\",\"target\":{\"@type\":\"EntryPoint\",\"urlTemplate\":\"https:\/\/barryrussell.ca\/?s={search_term_string}\"},\"query-input\":\"required name=search_term_string\"}],\"inLanguage\":\"fr-FR\"}]}<\/script>\n<!-- \/ Yoast SEO plugin. -->","yoast_head_json":{"title":"Contact - Barry Russell","robots":{"index":"index","follow":"follow","max-snippet":"max-snippet:-1","max-image-preview":"max-image-preview:large","max-video-preview":"max-video-preview:-1"},"canonical":"https:\/\/barryrussell.ca\/fr\/contact\/","og_locale":"fr_FR","og_type":"article","og_title":"Contact - Barry Russell","og_description":"Contact Repr\u00e9sent\u00e9 par Agence RBLMartin B\u00e9liveau514 564-5644 poste 100martin@agencerbl.com\u00a0 Barry Russell barryrussell@videotron.ca","og_url":"https:\/\/barryrussell.ca\/fr\/contact\/","og_site_name":"Barry Russell","article_modified_time":"2026-01-27T16:01:08+00:00","twitter_card":"summary_large_image","twitter_misc":{"Dur\u00e9e de lecture estim\u00e9e":"1 minute"},"schema":{"@context":"https:\/\/schema.org","@graph":[{"@type":"WebPage","@id":"https:\/\/barryrussell.ca\/fr\/contact\/","url":"https:\/\/barryrussell.ca\/fr\/contact\/","name":"Contact - Barry Russell","isPartOf":{"@id":"https:\/\/barryrussell.ca\/#website"},"datePublished":"2020-03-19T17:45:10+00:00","dateModified":"2026-01-27T16:01:08+00:00","breadcrumb":{"@id":"https:\/\/barryrussell.ca\/fr\/contact\/#breadcrumb"},"inLanguage":"fr-FR","potentialAction":[{"@type":"ReadAction","target":["https:\/\/barryrussell.ca\/fr\/contact\/"]}]},{"@type":"BreadcrumbList","@id":"https:\/\/barryrussell.ca\/fr\/contact\/#breadcrumb","itemListElement":[{"@type":"ListItem","position":1,"name":"Home","item":"https:\/\/barryrussell.ca\/fr\/"},{"@type":"ListItem","position":2,"name":"Contact"}]},{"@type":"WebSite","@id":"https:\/\/barryrussell.ca\/#website","url":"https:\/\/barryrussell.ca\/","name":"Barry Russell","description":"Direction Photo","potentialAction":[{"@type":"SearchAction","target":{"@type":"EntryPoint","urlTemplate":"https:\/\/barryrussell.ca\/?s={search_term_string}"},"query-input":"required name=search_term_string"}],"inLanguage":"fr-FR"}]}},"_links":{"self":[{"href":"https:\/\/barryrussell.ca\/fr\/wp-json\/wp\/v2\/pages\/1701"}],"collection":[{"href":"https:\/\/barryrussell.ca\/fr\/wp-json\/wp\/v2\/pages"}],"about":[{"href":"https:\/\/barryrussell.ca\/fr\/wp-json\/wp\/v2\/types\/page"}],"author":[{"embeddable":true,"href":"https:\/\/barryrussell.ca\/fr\/wp-json\/wp\/v2\/users\/1"}],"replies":[{"embeddable":true,"href":"https:\/\/barryrussell.ca\/fr\/wp-json\/wp\/v2\/comments?post=1701"}],"version-history":[{"count":19,"href":"https:\/\/barryrussell.ca\/fr\/wp-json\/wp\/v2\/pages\/1701\/revisions"}],"predecessor-version":[{"id":2145,"href":"https:\/\/barryrussell.ca\/fr\/wp-json\/wp\/v2\/pages\/1701\/revisions\/2145"}],"wp:attachment":[{"href":"https:\/\/barryrussell.ca\/fr\/wp-json\/wp\/v2\/media?parent=1701"}],"curies":[{"name":"wp","href":"https:\/\/api.w.org\/{rel}","templated":true}]}}