{"id":1699,"date":"2020-03-19T09:44:30","date_gmt":"2020-03-19T14:44:30","guid":{"rendered":"https:\/\/barryrussell.ca\/about\/"},"modified":"2024-01-29T14:47:03","modified_gmt":"2024-01-29T19:47:03","slug":"a-propos","status":"publish","type":"page","link":"https:\/\/barryrussell.ca\/fr\/a-propos\/","title":{"rendered":"\u00c0 propos de Barry Russell"},"content":{"rendered":"\t\t<div data-elementor-type=\"wp-page\" data-elementor-id=\"1699\" class=\"elementor elementor-1699 elementor-149\">\n\t\t\t\t\t\t<div class=\"elementor-inner\">\n\t\t\t\t<div class=\"elementor-section-wrap\">\n\t\t\t\t\t\t\t\t\t<section class=\"elementor-section elementor-top-section elementor-element elementor-element-9bf0287 elementor-section-boxed elementor-section-height-default elementor-section-height-default\" data-id=\"9bf0287\" data-element_type=\"section\">\n\t\t\t\t\t\t<div class=\"elementor-container elementor-column-gap-default\">\n\t\t\t\t\t\t\t<div class=\"elementor-row\">\n\t\t\t\t\t<div class=\"elementor-column elementor-col-50 elementor-top-column elementor-element elementor-element-4251e1f\" data-id=\"4251e1f\" data-element_type=\"column\">\n\t\t\t<div class=\"elementor-column-wrap elementor-element-populated\">\n\t\t\t\t\t\t\t<div class=\"elementor-widget-wrap\">\n\t\t\t\t\t\t<div class=\"elementor-element elementor-element-4524f13 elementor-widget elementor-widget-image\" data-id=\"4524f13\" data-element_type=\"widget\" data-widget_type=\"image.default\">\n\t\t\t\t<div class=\"elementor-widget-container\">\n\t\t\t\t\t\t\t\t<div class=\"elementor-image\">\n\t\t\t\t\t\t\t\t\t\t\t\t<img decoding=\"async\" width=\"427\" height=\"640\" src=\"https:\/\/barryrussell.ca\/wp-content\/uploads\/2024\/01\/barry_dt_highres-29246final2.jpeg\" class=\"attachment-full size-full wp-image-2062\" alt=\"\" loading=\"lazy\" srcset=\"https:\/\/barryrussell.ca\/wp-content\/uploads\/2024\/01\/barry_dt_highres-29246final2.jpeg 427w, https:\/\/barryrussell.ca\/wp-content\/uploads\/2024\/01\/barry_dt_highres-29246final2-200x300.jpeg 200w\" sizes=\"(max-width: 427px) 100vw, 427px\" \/>\t\t\t\t\t\t\t\t\t\t\t\t\t\t<\/div>\n\t\t\t\t\t\t<\/div>\n\t\t\t\t<\/div>\n\t\t\t\t\t\t<\/div>\n\t\t\t\t\t<\/div>\n\t\t<\/div>\n\t\t\t\t<div class=\"elementor-column elementor-col-50 elementor-top-column elementor-element elementor-element-7075605\" data-id=\"7075605\" data-element_type=\"column\">\n\t\t\t<div class=\"elementor-column-wrap elementor-element-populated\">\n\t\t\t\t\t\t\t<div class=\"elementor-widget-wrap\">\n\t\t\t\t\t\t<div class=\"elementor-element elementor-element-a3de8c0 elementor-widget elementor-widget-text-editor\" data-id=\"a3de8c0\" data-element_type=\"widget\" data-widget_type=\"text-editor.default\">\n\t\t\t\t<div class=\"elementor-widget-container\">\n\t\t\t\t\t\t\t\t<div class=\"elementor-text-editor elementor-clearfix\">\n\t\t\t\t<p>Barry Russell est un artiste polyvalent dont le parcours artistique refl\u00e8te une passion et un d\u00e9vouement remarquables pour diff\u00e9rentes formes d&rsquo;expression cr\u00e9ative. Initialement reconnu en tant que musicien, il a r\u00e9ussi \u00e0 \u00e9largir ses horizons artistiques en d\u00e9veloppant une passion pour la photographie et la cin\u00e9matographie.<\/p>\n<p>En tant que membre du Canadian Society of Cinematographers, Barry Russell laisse une marque ind\u00e9l\u00e9bile dans le domaine de la direction de la photographie. Son nom est associ\u00e9 \u00e0 plus d&rsquo;une centaine de projets, englobant des s\u00e9ries t\u00e9l\u00e9vis\u00e9es, des courts-m\u00e9trages, des publicit\u00e9s, des films et des s\u00e9ries documentaires.<\/p>\n<p>Parmi ses r\u00e9alisations les plus marquantes, on retrouve les s\u00e9ries \u00ab\u00a0Bon matin Chuck\u00a0\u00bb et \u00ab\u00a0Plan B\u00a0\u00bb, ainsi que la s\u00e9rie internationalement acclam\u00e9e \u00ab\u00a0C&rsquo;est comme \u00e7a que je t&rsquo;aime\u00a0\u00bb. Cette derni\u00e8re a non seulement \u00e9t\u00e9 la premi\u00e8re s\u00e9rie qu\u00e9b\u00e9coise s\u00e9lectionn\u00e9e \u00e0 la Berlinale Series en 2020, mais a \u00e9galement \u00e9t\u00e9 honor\u00e9e par le prix G\u00e9meaux de la meilleure direction photo en 2020 et 2022, soulignant l&rsquo;impact significatif de son travail sur la s\u00e9rie. Barry Russell a \u00e9galement \u00e9t\u00e9 reconnu au niveau national avec une nomination au prix du \u00ab\u00a0meilleur directeur de la photographie\u00a0\u00bb aux Canadian Screen Awards en 2017 pour son travail sur la s\u00e9rie \u00ab\u00a0Real Detective\u201d.<\/p>\n<p>Il puise son inspiration du sc\u00e9nario, cherchant \u00e0 comprendre les intentions de l\u2019auteur et du r\u00e9alisateur et \u00e0 les respecter pr\u00e9cis\u00e9ment, tout en faisant confiance \u00e0 son instinct cr\u00e9atif. Son travail dans l&rsquo;industrie cin\u00e9matographique a \u00e9t\u00e9 mis en lumi\u00e8re dans des publications renomm\u00e9es telles que le Canadian Cinematographer Magazine, pour son travail sur \u00ab\u00a0C&rsquo;est comme \u00e7a que je t\u2019aime\u00a0\u00bb. En outre, la s\u00e9lection de ses \u0153uvres \u00e0 des festivals de renom tels que la Berlinale Series et Cannes Series t\u00e9moigne de la reconnaissance internationale de son talent et de la qualit\u00e9 exceptionnelle de ses contributions \u00e0 l&rsquo;industrie du cin\u00e9ma et de la t\u00e9l\u00e9vision.<\/p>\t\t\t\t\t<\/div>\n\t\t\t\t\t\t<\/div>\n\t\t\t\t<\/div>\n\t\t\t\t\t\t<\/div>\n\t\t\t\t\t<\/div>\n\t\t<\/div>\n\t\t\t\t\t\t\t\t<\/div>\n\t\t\t\t\t<\/div>\n\t\t<\/section>\n\t\t\t\t\t\t\t\t\t<\/div>\n\t\t\t<\/div>\n\t\t\t\t\t<\/div>\n\t\t","protected":false},"excerpt":{"rendered":"<p>Barry Russell est un artiste polyvalent dont le parcours artistique refl\u00e8te une passion et un d\u00e9vouement remarquables pour diff\u00e9rentes formes d&rsquo;expression cr\u00e9ative. Initialement reconnu en tant que musicien, il a r\u00e9ussi \u00e0 \u00e9largir ses horizons artistiques en d\u00e9veloppant une passion pour la photographie et la cin\u00e9matographie. En tant que membre du Canadian Society of Cinematographers, [&hellip;]<\/p>\n","protected":false},"author":1,"featured_media":0,"parent":0,"menu_order":0,"comment_status":"closed","ping_status":"closed","template":"","meta":[],"yoast_head":"<!-- This site is optimized with the Yoast SEO plugin v20.4 - https:\/\/yoast.com\/wordpress\/plugins\/seo\/ -->\n<title>\u00c0 propos de Barry Russell - Barry Russell<\/title>\n<meta name=\"robots\" content=\"index, follow, max-snippet:-1, max-image-preview:large, max-video-preview:-1\" \/>\n<link rel=\"canonical\" href=\"https:\/\/barryrussell.ca\/fr\/a-propos\/\" \/>\n<meta property=\"og:locale\" content=\"fr_FR\" \/>\n<meta property=\"og:type\" content=\"article\" \/>\n<meta property=\"og:title\" content=\"\u00c0 propos de Barry Russell - Barry Russell\" \/>\n<meta property=\"og:description\" content=\"Barry Russell est un artiste polyvalent dont le parcours artistique refl\u00e8te une passion et un d\u00e9vouement remarquables pour diff\u00e9rentes formes d&rsquo;expression cr\u00e9ative. Initialement reconnu en tant que musicien, il a r\u00e9ussi \u00e0 \u00e9largir ses horizons artistiques en d\u00e9veloppant une passion pour la photographie et la cin\u00e9matographie. En tant que membre du Canadian Society of Cinematographers, [&hellip;]\" \/>\n<meta property=\"og:url\" content=\"https:\/\/barryrussell.ca\/fr\/a-propos\/\" \/>\n<meta property=\"og:site_name\" content=\"Barry Russell\" \/>\n<meta property=\"article:modified_time\" content=\"2024-01-29T19:47:03+00:00\" \/>\n<meta property=\"og:image\" content=\"https:\/\/barryrussell.ca\/wp-content\/uploads\/2024\/01\/barry_dt_highres-29246final2.jpeg\" \/>\n<meta name=\"twitter:card\" content=\"summary_large_image\" \/>\n<meta name=\"twitter:label1\" content=\"Dur\u00e9e de lecture estim\u00e9e\" \/>\n\t<meta name=\"twitter:data1\" content=\"2 minutes\" \/>\n<script type=\"application\/ld+json\" class=\"yoast-schema-graph\">{\"@context\":\"https:\/\/schema.org\",\"@graph\":[{\"@type\":\"WebPage\",\"@id\":\"https:\/\/barryrussell.ca\/fr\/a-propos\/\",\"url\":\"https:\/\/barryrussell.ca\/fr\/a-propos\/\",\"name\":\"\u00c0 propos de Barry Russell - Barry Russell\",\"isPartOf\":{\"@id\":\"https:\/\/barryrussell.ca\/#website\"},\"datePublished\":\"2020-03-19T14:44:30+00:00\",\"dateModified\":\"2024-01-29T19:47:03+00:00\",\"breadcrumb\":{\"@id\":\"https:\/\/barryrussell.ca\/fr\/a-propos\/#breadcrumb\"},\"inLanguage\":\"fr-FR\",\"potentialAction\":[{\"@type\":\"ReadAction\",\"target\":[\"https:\/\/barryrussell.ca\/fr\/a-propos\/\"]}]},{\"@type\":\"BreadcrumbList\",\"@id\":\"https:\/\/barryrussell.ca\/fr\/a-propos\/#breadcrumb\",\"itemListElement\":[{\"@type\":\"ListItem\",\"position\":1,\"name\":\"Home\",\"item\":\"https:\/\/barryrussell.ca\/fr\/\"},{\"@type\":\"ListItem\",\"position\":2,\"name\":\"\u00c0 propos de Barry Russell\"}]},{\"@type\":\"WebSite\",\"@id\":\"https:\/\/barryrussell.ca\/#website\",\"url\":\"https:\/\/barryrussell.ca\/\",\"name\":\"Barry Russell\",\"description\":\"Direction Photo\",\"potentialAction\":[{\"@type\":\"SearchAction\",\"target\":{\"@type\":\"EntryPoint\",\"urlTemplate\":\"https:\/\/barryrussell.ca\/?s={search_term_string}\"},\"query-input\":\"required name=search_term_string\"}],\"inLanguage\":\"fr-FR\"}]}<\/script>\n<!-- \/ Yoast SEO plugin. -->","yoast_head_json":{"title":"\u00c0 propos de Barry Russell - Barry Russell","robots":{"index":"index","follow":"follow","max-snippet":"max-snippet:-1","max-image-preview":"max-image-preview:large","max-video-preview":"max-video-preview:-1"},"canonical":"https:\/\/barryrussell.ca\/fr\/a-propos\/","og_locale":"fr_FR","og_type":"article","og_title":"\u00c0 propos de Barry Russell - Barry Russell","og_description":"Barry Russell est un artiste polyvalent dont le parcours artistique refl\u00e8te une passion et un d\u00e9vouement remarquables pour diff\u00e9rentes formes d&rsquo;expression cr\u00e9ative. Initialement reconnu en tant que musicien, il a r\u00e9ussi \u00e0 \u00e9largir ses horizons artistiques en d\u00e9veloppant une passion pour la photographie et la cin\u00e9matographie. En tant que membre du Canadian Society of Cinematographers, [&hellip;]","og_url":"https:\/\/barryrussell.ca\/fr\/a-propos\/","og_site_name":"Barry Russell","article_modified_time":"2024-01-29T19:47:03+00:00","og_image":[{"url":"https:\/\/barryrussell.ca\/wp-content\/uploads\/2024\/01\/barry_dt_highres-29246final2.jpeg"}],"twitter_card":"summary_large_image","twitter_misc":{"Dur\u00e9e de lecture estim\u00e9e":"2 minutes"},"schema":{"@context":"https:\/\/schema.org","@graph":[{"@type":"WebPage","@id":"https:\/\/barryrussell.ca\/fr\/a-propos\/","url":"https:\/\/barryrussell.ca\/fr\/a-propos\/","name":"\u00c0 propos de Barry Russell - Barry Russell","isPartOf":{"@id":"https:\/\/barryrussell.ca\/#website"},"datePublished":"2020-03-19T14:44:30+00:00","dateModified":"2024-01-29T19:47:03+00:00","breadcrumb":{"@id":"https:\/\/barryrussell.ca\/fr\/a-propos\/#breadcrumb"},"inLanguage":"fr-FR","potentialAction":[{"@type":"ReadAction","target":["https:\/\/barryrussell.ca\/fr\/a-propos\/"]}]},{"@type":"BreadcrumbList","@id":"https:\/\/barryrussell.ca\/fr\/a-propos\/#breadcrumb","itemListElement":[{"@type":"ListItem","position":1,"name":"Home","item":"https:\/\/barryrussell.ca\/fr\/"},{"@type":"ListItem","position":2,"name":"\u00c0 propos de Barry Russell"}]},{"@type":"WebSite","@id":"https:\/\/barryrussell.ca\/#website","url":"https:\/\/barryrussell.ca\/","name":"Barry Russell","description":"Direction Photo","potentialAction":[{"@type":"SearchAction","target":{"@type":"EntryPoint","urlTemplate":"https:\/\/barryrussell.ca\/?s={search_term_string}"},"query-input":"required name=search_term_string"}],"inLanguage":"fr-FR"}]}},"_links":{"self":[{"href":"https:\/\/barryrussell.ca\/fr\/wp-json\/wp\/v2\/pages\/1699"}],"collection":[{"href":"https:\/\/barryrussell.ca\/fr\/wp-json\/wp\/v2\/pages"}],"about":[{"href":"https:\/\/barryrussell.ca\/fr\/wp-json\/wp\/v2\/types\/page"}],"author":[{"embeddable":true,"href":"https:\/\/barryrussell.ca\/fr\/wp-json\/wp\/v2\/users\/1"}],"replies":[{"embeddable":true,"href":"https:\/\/barryrussell.ca\/fr\/wp-json\/wp\/v2\/comments?post=1699"}],"version-history":[{"count":20,"href":"https:\/\/barryrussell.ca\/fr\/wp-json\/wp\/v2\/pages\/1699\/revisions"}],"predecessor-version":[{"id":2100,"href":"https:\/\/barryrussell.ca\/fr\/wp-json\/wp\/v2\/pages\/1699\/revisions\/2100"}],"wp:attachment":[{"href":"https:\/\/barryrussell.ca\/fr\/wp-json\/wp\/v2\/media?parent=1699"}],"curies":[{"name":"wp","href":"https:\/\/api.w.org\/{rel}","templated":true}]}}